{"id":189,"date":"2020-12-14T16:11:21","date_gmt":"2020-12-14T14:11:21","guid":{"rendered":"http:\/\/toolkit-entitats-socials-test.recursos.uoc.edu\/?page_id=189"},"modified":"2020-12-23T13:44:00","modified_gmt":"2020-12-23T11:44:00","slug":"que-es-este-toolkit-y-como-utilizarlo","status":"publish","type":"page","link":"http:\/\/toolkit-entitats-socials-test.recursos.uoc.edu\/es\/que-es-este-toolkit-y-como-utilizarlo\/","title":{"rendered":"Qu\u00e9 es este Toolkit y c\u00f3mo utilizarlo"},"content":{"rendered":"<p>Este recurso que os presentamos pretende ofrecer una serie de orientaciones, estrategias y recursos para poder construir una adaptaci\u00f3n no presencial de vuestra actividad.<\/p>\n<p>En ning\u00fan caso es una gu\u00eda que os indique paso a paso sobre c\u00f3mo hacerlo, ni un conjunto de soluciones \u00fanicas. Tampoco una lista de herramientas clasificadas para sustituir la presencialidad.<\/p>\n<p>\u00bfEntonces, qu\u00e9 es?<\/p>\n<p>Lejos de esta intenci\u00f3n instrumental que a menudo impregna estas adaptaciones, lo que aqu\u00ed ofrecemos es una compilaci\u00f3n de conocimientos, orientaciones y experiencias para que pod\u00e1is dise\u00f1ar y desarrollar esta adaptaci\u00f3n de la manera m\u00e1s coherente y efectiva posible en funci\u00f3n de vuestros contextos y colectivos, teniendo en cuenta los principales elementos y factores que entran juego.<\/p>\n<p>Uno de los objetivos es que esta adaptaci\u00f3n que llev\u00e1is a cabo os aporte la oportunidad de hacer las cosas de una manera diferente, y que esta nueva manera sea capaz de aportar m\u00e1s valor a vuestra actividad, y poderla mejorar, al menos, en parte.<\/p>\n<p>\u00bfC\u00f3mo pensar un dise\u00f1o que se adapte a todo esto de la manera m\u00e1s efectiva posible, especialmente si se cuenta con pocos recursos o estos son muy limitados, y que, adem\u00e1s, pueda acontecer una oportunidad de mejora? No hay recetas \u00fanicas ni alquimias para hacerlo, sino que se pueden construir propuestas diferentes en funci\u00f3n de cada entidad, atendiendo a su contexto y a sus necesidades, y teniendo en cuenta algunas pautas y estrategias que os exponemos en este Toolkit que esperamos que os puedan ser de utilidad en este reto.<\/p>\n<p>A la vez, tambi\u00e9n quiere ser un espacio de transformaci\u00f3n y de retroalimentaci\u00f3n constante, capaz de crecer y evolucionar gracias a vuestras aportaciones, necesidades y cr\u00edticas, y que pueda acontecer \u00fatil para los retos que se encaran en la actualidad. Pod\u00e9is contactar con nosotros y explicarnos cu\u00e1les son vuestras necesidades as\u00ed como cualquier propuesta de mejora respecto a este Toolkit envi\u00e1ndonos un mail a a <a href=\"mailto:stesconi@uoc.edu\" target=\"_blank\" rel=\"noopener noreferrer\">stesconi@uoc.edu<\/a> y\/o a <a href=\"mailto:gabellanf@uoc.edu\" target=\"_blank\" rel=\"noopener noreferrer\">gabellanf@uoc.edu<\/a>.<\/p>\n<div>Para orientarnos en la navegaci\u00f3n de contenidos del Toolkit, tened en cuenta las siguientes indicaciones:<\/div>\n<ul>\n<li>Las fichas aparecen en azul. En ellas encontrar\u00e9is orientaciones concretas y espec\u00edficas sobre un determinado tema.<\/li>\n<li>Las gu\u00edas aparecen en verde, y son m\u00e1s amplias en contenido que las fichas, posibilitando una visi\u00f3n m\u00e1s extensa y secuenciada sobre determinados temas tratados en las fichas.<\/li>\n<li>Las buenas pr\u00e1cticas est\u00e1n en rosa, y en ellas se explican experiencias de adaptaci\u00f3n realizadas por diferentes entidades en \u00e1mbitos de acci\u00f3n diversos, explicados por ellas mismas.<\/li>\n<\/ul>\n","protected":false},"excerpt":{"rendered":"<p>Este recurso que os presentamos pretende ofrecer una serie de orientaciones, estrategias y recursos para poder construir una adaptaci\u00f3n no presencial de vuestra actividad. En ning\u00fan caso es una gu\u00eda que os indique paso a paso sobre c\u00f3mo hacerlo, ni un conjunto de soluciones \u00fanicas. Tampoco una lista de herramientas clasificadas para sustituir la presencialidad. [&hellip;]<\/p>\n","protected":false},"author":3,"featured_media":0,"parent":0,"menu_order":0,"comment_status":"closed","ping_status":"open","template":"","meta":[],"_links":{"self":[{"href":"http:\/\/toolkit-entitats-socials-test.recursos.uoc.edu\/es\/wp-json\/wp\/v2\/pages\/189\/"}],"collection":[{"href":"http:\/\/toolkit-entitats-socials-test.recursos.uoc.edu\/es\/wp-json\/wp\/v2\/pages\/"}],"about":[{"href":"http:\/\/toolkit-entitats-socials-test.recursos.uoc.edu\/es\/wp-json\/wp\/v2\/types\/page\/"}],"author":[{"embeddable":true,"href":"http:\/\/toolkit-entitats-socials-test.recursos.uoc.edu\/es\/wp-json\/wp\/v2\/users\/3\/"}],"replies":[{"embeddable":true,"href":"http:\/\/toolkit-entitats-socials-test.recursos.uoc.edu\/es\/wp-json\/wp\/v2\/comments\/?post=189"}],"version-history":[{"count":3,"href":"http:\/\/toolkit-entitats-socials-test.recursos.uoc.edu\/es\/wp-json\/wp\/v2\/pages\/189\/revisions\/"}],"predecessor-version":[{"id":349,"href":"http:\/\/toolkit-entitats-socials-test.recursos.uoc.edu\/es\/wp-json\/wp\/v2\/pages\/189\/revisions\/349\/"}],"wp:attachment":[{"href":"http:\/\/toolkit-entitats-socials-test.recursos.uoc.edu\/es\/wp-json\/wp\/v2\/media\/?parent=189"}],"curies":[{"name":"wp","href":"https:\/\/api.w.org\/{rel}","templated":true}]}}